{"id":2459,"date":"2022-01-17T13:18:16","date_gmt":"2022-01-17T15:18:16","guid":{"rendered":"https:\/\/www.alfarun.lt\/tra\/faq\/"},"modified":"2025-12-03T13:03:19","modified_gmt":"2025-12-03T15:03:19","slug":"faq","status":"publish","type":"page","link":"https:\/\/www.alfarun.lt\/en\/faq\/","title":{"rendered":"FAQ"},"content":{"rendered":"<div class=\"wpb-content-wrapper\"><p>[vc_section css=&#8221;.vc_custom_1600958369656{padding-top: 60px !important;background-image: url(https:\/\/www.alfarun.lt\/wp-content\/uploads\/2018\/11\/bg5.jpg?id=1150) !important;background-position: center !important;background-repeat: no-repeat !important;background-size: cover !important;}&#8221;][vc_row][vc_column]<div class=\"wpb_content_element \"><style type=\"text\/css\"><\/style><header id=\"ut_header_69d47c8b7a21d\" class=\"section-header  ut-no-title-linebreak-mobile ut-no-lead-linebreak-mobile pt-style-2 header-center header-tablet-center header-mobile-center element-with-custom-line-height\"><div class=\"element-with-custom-line-height\" ><h2 data-title=\"FREQUENTLY ASKED QUESTIONS\"  data-responsive-font=\"section_title\" class=\"section-title  \"><span>FREQUENTLY ASKED QUESTIONS<\/span><\/h2><\/div><\/header><\/div>[\/vc_column][\/vc_row][vc_row][vc_column]<div class=\"wpb_content_element \"><style type=\"text\/css\">#ut_accordion_69d47c8b7cbab .ut-accordion-module-item.open .ut-accordion-module-heading { color: rgba(239, 75, 36, 1) !important }#ut_accordion_69d47c8b7cbab .ut-accordion-module-heading:hover { color: rgba(239, 75, 36, 1) !important }#ut_accordion_69d47c8b7cbab .ut-accordion-module-heading:active { color: rgba(239, 75, 36, 1) !important }#ut_accordion_69d47c8b7cbab .ut-accordion-module-heading:focus { color: rgba(239, 75, 36, 1) !important }#ut_accordion_69d47c8b7cbab .ut-accordion-module-heading:after { color: #fa4616 }#ut_accordion_69d47c8b7cbab .ut-accordion-module-heading { font-size: 18px; }#ut_accordion_69d47c8b7cbab .ut-accordion-module-item { border-top-color:rgba(16, 15, 15, 0.87); border-top-style:solid; }#ut_accordion_69d47c8b7cbab .ut-accordion-module-item:last-child { border-top-color:rgba(16, 15, 15, 0.87); border-bottom-color:rgba(16, 15, 15, 0.87); border-top-style:solid; border-bottom-style:solid; }#ut_accordion_69d47c8b7cbab .ut-accordion-module-heading::before { -webkit-border-radius: 50%; -moz-border-radius: 50%; border-radius: 50%; }<\/style><div id=\"ut_accordion_69d47c8b7cbab\" data-accordion-group class=\"ut-accordion-module ut-accordion-module-single  ut-accordion-module-with-counter ut-accordion-module-with-border\"><div data-accordion data-accordion data-single data-transition=\"400\" data-easing=\"ease\" class=\"ut-accordion-module-item \"><h3 data-control class=\"ut-accordion-module-heading\" data-counter=\"1\">Kada vyks Alfa Run?<\/h3><div data-content class=\"ut-accordion-module-content\"><div class=\"ut-accordion-module-inner entry-content clearfix\"><p>Artimiausias renginys vyks 2026 m. bir\u017eelio 13 d., \u0161e\u0161tadien\u012f.<\/p>\n<\/div><\/div><\/div><div data-accordion data-accordion data-single data-transition=\"400\" data-easing=\"ease\" class=\"ut-accordion-module-item \"><h3 data-control class=\"ut-accordion-module-heading\" data-counter=\"2\">Kas \u012fskai\u010diuota \u012f ALFA RUN 2026 bilieto kain\u0105?<\/h3><div data-content class=\"ut-accordion-module-content\"><div class=\"ut-accordion-module-inner entry-content clearfix\"><\/p>\n<ul>\n<li>Pasirinktas kli\u016b\u010di\u0173 ruo\u017eas<\/li>\n<li>Firminiai ALFA RUN mar\u0161kin\u0117liai<\/li>\n<li>Pramogos ir i\u0161\u0161\u016bkiai visai \u0161eimai<\/li>\n<li>Renginio \u017eetonas, bandana ir r\u0117m\u0117j\u0173 dovanos<\/li>\n<li>Jei atvykstate su vaiku, nemokamas vaiko bilietas (pla\u010diau https:\/\/www.alfarun.lt\/5-10-km-issukiai\/)<\/li>\n<li>Vieta automobiliui, du\u0161ai, persirengimo kabinos, WC, daikt\u0173 saugykla, greitoji pagalba<\/li>\n<\/ul>\n<p>\n<\/div><\/div><\/div><div data-accordion data-accordion data-single data-transition=\"400\" data-easing=\"ease\" class=\"ut-accordion-module-item \"><h3 data-control class=\"ut-accordion-module-heading\" data-counter=\"3\">Ar galima pakeisti pasirinkt\u0105 tras\u0105 ir\/ar dalyvio duomenis?<\/h3><div data-content class=\"ut-accordion-module-content\"><div class=\"ut-accordion-module-inner entry-content clearfix\"><p>Trasos, vardo ar kit\u0173 duomen\u0173 keitimas galimas iki bir\u017eelio 11 d. arba atvykus \u012f rengin\u012f palapin\u0117je &#8220;Informacija&#8221;. Bilietams taikomas 5\u20ac administracinis mokestis u\u017e biliet\u0105. Daugiau informacijos: <a href=\"https:\/\/www.alfarun.lt\/reglamentas\/\">https:\/\/www.alfarun.lt\/reglamentas\/<\/a><\/p>\n<\/div><\/div><\/div><div data-accordion data-accordion data-single data-transition=\"400\" data-easing=\"ease\" class=\"ut-accordion-module-item \"><h3 data-control class=\"ut-accordion-module-heading\" data-counter=\"4\">Ar galima perpirkti biliet\u0105 i\u0161 kito \u017emogaus?<\/h3><div data-content class=\"ut-accordion-module-content\"><div class=\"ut-accordion-module-inner entry-content clearfix\"><p>Taip, galite perpirkti biliet\u0105. Perpirkus renginio biliet\u0105, b\u016btina pakeisti dalyvio duomenis. Trasos, vardo ar kit\u0173 duomen\u0173 keitimas galimas iki bir\u017eelio 11 d. arba atvykus \u012f rengin\u012f palapin\u0117je &#8220;Informacija&#8221;. Bilietams taikomas 5\u20ac administracinis mokestis u\u017e biliet\u0105. Daugiau informacijos: <a href=\"https:\/\/www.alfarun.lt\/reglamentas\/\">https:\/\/www.alfarun.lt\/reglamentas\/<\/a><\/p>\n<\/div><\/div><\/div><div data-accordion data-accordion data-single data-transition=\"400\" data-easing=\"ease\" class=\"ut-accordion-module-item \"><h3 data-control class=\"ut-accordion-module-heading\" data-counter=\"5\">Ar dalyvi\u0173 duomenis ir pasirinkt\u0105 tras\u0105 galima keisti daugiau nei vien\u0105 kart\u0105?<\/h3><div data-content class=\"ut-accordion-module-content\"><div class=\"ut-accordion-module-inner entry-content clearfix\"><p>Taip, dalyvi\u0173 duomenis galite keisti neribot\u0105 kart\u0173 skai\u010di\u0173.<\/p>\n<\/div><\/div><\/div><div data-accordion data-accordion data-single data-transition=\"400\" data-easing=\"ease\" class=\"ut-accordion-module-item \"><h3 data-control class=\"ut-accordion-module-heading\" data-counter=\"6\">Kiek daugiausia \u017emoni\u0173 gali b\u016bti komandoje?<\/h3><div data-content class=\"ut-accordion-module-content\"><div class=\"ut-accordion-module-inner entry-content clearfix\"><p>Alfa Run \u2013 viena didel\u0117 komanda, visuomet i\u0161tiesianti pagalbos rank\u0105 kitiems! \u012eprastai startuojame ma\u017eesn\u0117mis grup\u0117mis \u017emoni\u0173.<\/p>\n<\/div><\/div><\/div><div data-accordion data-accordion data-single data-transition=\"400\" data-easing=\"ease\" class=\"ut-accordion-module-item \"><h3 data-control class=\"ut-accordion-module-heading\" data-counter=\"7\">Ar taikomos nuolaidos grup\u0117ms?<\/h3><div data-content class=\"ut-accordion-module-content\"><div class=\"ut-accordion-module-inner entry-content clearfix\"><p>Jeigu perkate bilietus \u017emoni\u0173 grupei (10 arba daugiau biliet\u0173) \u2013 taikome 10 % nuolaid\u0105. D\u0117l nuolaidos suteikimo susisiekite el. pa\u0161tu: info@alfarun.lt. Nuolaidos nesumuojamos.<\/p>\n<\/div><\/div><\/div><div data-accordion data-accordion data-single data-transition=\"400\" data-easing=\"ease\" class=\"ut-accordion-module-item \"><h3 data-control class=\"ut-accordion-module-heading\" data-counter=\"8\">Kur vyks Alfa Run b\u0117gimas?<\/h3><div data-content class=\"ut-accordion-module-content\"><div class=\"ut-accordion-module-inner entry-content clearfix\"><p>Alfa Run vyksta netoli Vilniaus rajone \u2013 Pamaraziuose, Marijampolio seni\u016bnijoje.<\/p>\n<p>Tiksli renginio vieta: <a href=\"https:\/\/www.alfarun.lt\/kontaktai\/\">https:\/\/www.alfarun.lt\/kontaktai\/<\/a><\/p>\n<\/div><\/div><\/div><div data-accordion data-accordion data-single data-transition=\"400\" data-easing=\"ease\" class=\"ut-accordion-module-item \"><h3 data-control class=\"ut-accordion-module-heading\" data-counter=\"9\">Kiek laiko trunka Alfa Run b\u0117gimas?<\/h3><div data-content class=\"ut-accordion-module-content\"><div class=\"ut-accordion-module-inner entry-content clearfix\"><p>B\u0117gimo trukm\u0117 \u012fprastai priklauso nuo keleto veiksni\u0173: trasos ilgio ir dalyvio spartumo. Vidutin\u0117 trukm\u0117: 1,5\u20132,5 val.<\/p>\n<\/div><\/div><\/div><div data-accordion data-accordion data-single data-transition=\"400\" data-easing=\"ease\" class=\"ut-accordion-module-item \"><h3 data-control class=\"ut-accordion-module-heading\" data-counter=\"10\">Kiek laiko trunka Alfa Run Mini b\u0117gimas?<\/h3><div data-content class=\"ut-accordion-module-content\"><div class=\"ut-accordion-module-inner entry-content clearfix\"><p>Alfa Run Mini vaik\u0173 b\u0117gimas \u012fprastai trunka 20\u201330 min.<\/p>\n<\/div><\/div><\/div><div data-accordion data-accordion data-single data-transition=\"400\" data-easing=\"ease\" class=\"ut-accordion-module-item \"><h3 data-control class=\"ut-accordion-module-heading\" data-counter=\"11\">Ar yra galimyb\u0117 \u012fsigyti dovan\u0173 kupon\u0105?<\/h3><div data-content class=\"ut-accordion-module-content\"><div class=\"ut-accordion-module-inner entry-content clearfix\"><p>Taip, \u0161i\u0105 galimyb\u0119 turime. Nor\u0117dami gauti \u0161ventin\u012f dovan\u0173 kupono dizain\u0105, para\u0161ykite mums el.pa\u0161tu <a href=\"mailto:info@alfarun.lt\">info@alfarun.lt<\/a> ir mes persi\u0173sime digital formatu. Biliet\u0105 \u012fsigyti galite \u012fprastu b\u016bdu, pasirenkant tras\u0105 ir u\u017epildant dalyvio duomenis.<\/p>\n<\/div><\/div><\/div><div data-accordion data-accordion data-single data-transition=\"400\" data-easing=\"ease\" class=\"ut-accordion-module-item \"><h3 data-control class=\"ut-accordion-module-heading\" data-counter=\"12\">Ar a\u0161 galiu dalyvauti Alfa Run, jeigu nesu pasiruo\u0161\u0119s fizi\u0161kai, reguliariai nesportuoju?<\/h3><div data-content class=\"ut-accordion-module-content\"><div class=\"ut-accordion-module-inner entry-content clearfix\"><p>Pagrindinis renginio tikslas \u2013 \u012fveikti savo baimes, pad\u0117ti \u0161alia esan\u010diam draugui ar nepa\u017e\u012fstamajam ir visiems kartu smagiai praleisti laik\u0105. Iki \u0161iol visi dalyviai s\u0117kmingai \u012fveik\u0117 Alfa Run i\u0161\u0161\u016bkius, ta\u010diau, kad i\u0161vengtum\u0117te traum\u0173, rekomenduojame bent minimaliai pasportuoti iki renginio!<\/p>\n<p>Pasaulio vice\u010dempionas Dainius Liutkus paruo\u0161\u0117 kelet\u0105 pratim\u0173, kurie paruo\u0161 Alfa Run\u2019ui, spausk <a href=\"https:\/\/youtu.be\/e7dsDUeeGKY\" target=\"_blank\" rel=\"noopener\">\u010dia<\/a>.<\/p>\n<\/div><\/div><\/div><div data-accordion data-accordion data-single data-transition=\"400\" data-easing=\"ease\" class=\"ut-accordion-module-item \"><h3 data-control class=\"ut-accordion-module-heading\" data-counter=\"13\">Ar privaloma \u012fveikti visas kli\u016btis trasoje?<\/h3><div data-content class=\"ut-accordion-module-content\"><div class=\"ut-accordion-module-inner entry-content clearfix\"><p>Vis\u0173 kli\u016b\u010di\u0173 \u012fveikti tikrai n\u0117ra b\u016btina, ta\u010diau dalyvius skatiname i\u0161eiti i\u0161 komforto zonos ir susidurti su savo baim\u0117mis. Vis\u0105 tras\u0105 \u012fveikti privaloma OCR sportinink\u0173 b\u0117gime ir \u010cempiono i\u0161\u0161\u016bkio b\u0117gime.<\/p>\n<\/div><\/div><\/div><div data-accordion data-accordion data-single data-transition=\"400\" data-easing=\"ease\" class=\"ut-accordion-module-item \"><h3 data-control class=\"ut-accordion-module-heading\" data-counter=\"14\">Kaip gauti nemokam\u0105 biliet\u0105 vaikams?<\/h3><div data-content class=\"ut-accordion-module-content\"><div class=\"ut-accordion-module-inner entry-content clearfix\"><p>Visiems vaikams dalyvavimas nemokamas, kuri\u0173 t\u0117vai turi dalyvio biliet\u0105 bet kuriai Alfa Run trasai, ir bilietas sugeneruotas Payseroje iki bir\u017eelio 12 d. Bilietus vaikams b\u016btina \u012fsigyti <a href=\"http:\/\/www.alfarun.lt\">www.alfarun.lt<\/a> \u2013 perkant biliet\u0105 sau, pasirinkti ir nemokam\u0105 biliet\u0105 vaikui. Renginio dien\u0105 bilietus \u012f vaik\u0173 tras\u0105 gal\u0117site \u012fsigyti u\u017e 15\u20ac vaik\u0173 trasoje.<\/p>\n<\/div><\/div><\/div><div data-accordion data-accordion data-single data-transition=\"400\" data-easing=\"ease\" class=\"ut-accordion-module-item \"><h3 data-control class=\"ut-accordion-module-heading\" data-counter=\"15\">Ar vaikams reikia tur\u0117ti t\u0117v\u0173 leidim\u0105?<\/h3><div data-content class=\"ut-accordion-module-content\"><div class=\"ut-accordion-module-inner entry-content clearfix\"><p>14-17 m. vaikams, dalyvaujant pagrindin\u0117je Alfa Run trasoje, yra privalomas ra\u0161ti\u0161kas <a href=\"https:\/\/www.alfarun.lt\/wp-content\/uploads\/2021\/07\/Te\u0307vu\u0328_leidimas_alfa_Run.pdf\" target=\"_blank\" rel=\"noopener noreferrer\">t\u0117v\u0173 leidimas.<\/a><\/p>\n<p>13 met\u0173 ir jaunesnius vaikus turi atlyd\u0117ti t\u0117vai, glob\u0117jai ar kitas suaug\u0119s \u017emogus \u012f vaik\u0173 tras\u0105. Dalyvavimas pagrindin\u0117je trasoje negalimas.<\/p>\n<\/div><\/div><\/div><div data-accordion data-accordion data-single data-transition=\"400\" data-easing=\"ease\" class=\"ut-accordion-module-item \"><h3 data-control class=\"ut-accordion-module-heading\" data-counter=\"16\">Koki\u0173 dokument\u0173 reikia atvykus \u012f rengin\u012f?<\/h3><div data-content class=\"ut-accordion-module-content\"><div class=\"ut-accordion-module-inner entry-content clearfix\"><p>Suaugusiems b\u016btina tur\u0117ti asmens tapatyb\u0117s kortel\u0119 arba pas\u0105 ir biliet\u0105 (vaikams 14-17 met\u0173, kartu papildomai tur\u0117ti ra\u0161ti\u0161k\u0105 <a href=\"https:\/\/www.alfarun.lt\/wp-content\/uploads\/2021\/07\/Te\u0307vu\u0328_leidimas_alfa_Run.pdf\" target=\"_blank\" rel=\"noopener noreferrer\">t\u0117v\u0173 leidim\u0105<\/a>), o vaikui \u2013 reikia tur\u0117ti tik biliet\u0105. Daugiau informacijos: <a href=\"https:\/\/www.alfarun.lt\/5-10-km-issukiai\" target=\"_blank\" rel=\"noopener noreferrer\">https:\/\/www.alfarun.lt\/5-10-km-issukiai<\/a><\/p>\n<\/div><\/div><\/div><div data-accordion data-accordion data-single data-transition=\"400\" data-easing=\"ease\" class=\"ut-accordion-module-item \"><h3 data-control class=\"ut-accordion-module-heading\" data-counter=\"17\">Kada atvykti \u012f Alfa Run b\u0117gim\u0105?<\/h3><div data-content class=\"ut-accordion-module-content\"><div class=\"ut-accordion-module-inner entry-content clearfix\"><p>Prie\u0161 b\u0117gdami \u2013 tur\u0117site u\u017esiregistruoti. Registracija u\u017edaroma likus pusvaland\u017eiui iki suaugusi\u0173 starto, tod\u0117l rekomenduojame atvykti bent 60 min iki starto. Daugiau informacijos: <a href=\"https:\/\/www.alfarun.lt\/5-10-km-issukiai\/\" target=\"_blank\" rel=\"noopener noreferrer\">https:\/\/www.alfarun.lt\/5-10-km-issukiai\/<\/a><\/p>\n<\/div><\/div><\/div><div data-accordion data-accordion data-single data-transition=\"400\" data-easing=\"ease\" class=\"ut-accordion-module-item \"><h3 data-control class=\"ut-accordion-module-heading\" data-counter=\"18\">Kada vyksta Alfa Run Mini vaik\u0173 b\u0117gimai?<\/h3><div data-content class=\"ut-accordion-module-content\"><div class=\"ut-accordion-module-inner entry-content clearfix\"><p>Vaik\u0173 startai organizuojami kas pusvaland\u012f nuo 10.00 val. iki 14.00 val.<\/p>\n<\/div><\/div><\/div><div data-accordion data-accordion data-single data-transition=\"400\" data-easing=\"ease\" class=\"ut-accordion-module-item \"><h3 data-control class=\"ut-accordion-module-heading\" data-counter=\"19\">Kuo skiriasi Alfa Hero ir OCR Elite Run i\u0161\u0161\u016bkiai?<\/h3><div data-content class=\"ut-accordion-module-content\"><div class=\"ut-accordion-module-inner entry-content clearfix\"><p>Abi trasos visi\u0161kai tokios pa\u010dios, ta\u010diau OCR Elite Run i\u0161\u0161\u016bkyje yra fiksuojamas laikas, b\u016btina \u012fveikti visas kli\u016btis (arba galima pasirinkti nuobaudos atlikim\u0105) ir apdovanojami pirmieji trys \u012fveik\u0119 tras\u0105 (vyr\u0173 ir moter\u0173 grup\u0117se atskirai).<\/p>\n<\/div><\/div><\/div><div data-accordion data-accordion data-single data-transition=\"400\" data-easing=\"ease\" class=\"ut-accordion-module-item \"><h3 data-control class=\"ut-accordion-module-heading\" data-counter=\"20\">Ar reikia mok\u0117ti plaukti?<\/h3><div data-content class=\"ut-accordion-module-content\"><div class=\"ut-accordion-module-inner entry-content clearfix\"><p>Trasoje numatoma viena kli\u016btis, kurioje tur\u0117site \u010diuo\u017eti vamzd\u017eiu \u012f vanden\u012f ir po to plaukti \u012f krant\u0105. Jei nemokate plaukti \u2013 kli\u016bt\u012f gal\u0117site apeiti.<\/p>\n<\/div><\/div><\/div><div data-accordion data-accordion data-single data-transition=\"400\" data-easing=\"ease\" class=\"ut-accordion-module-item \"><h3 data-control class=\"ut-accordion-module-heading\" data-counter=\"21\">Kaip apklijuoti batus, kad jie nenusimaut\u0173 nuo kojos?<\/h3><div data-content class=\"ut-accordion-module-content\"><div class=\"ut-accordion-module-inner entry-content clearfix\"><p>Apsivyniokite bat\u0173 priek\u012f tvirtai izoliacija, taip i\u0161liks didesn\u0117 tikimyb\u0117 j\u0173 nepamesti.<\/p>\n<\/div><\/div><\/div><div data-accordion data-accordion data-single data-transition=\"400\" data-easing=\"ease\" class=\"ut-accordion-module-item \"><h3 data-control class=\"ut-accordion-module-heading\" data-counter=\"22\">Ar gali atvykti steb\u0117ti b\u0117gimo artimieji, draugai ir miesto smalsuoliai?<\/h3><div data-content class=\"ut-accordion-module-content\"><div class=\"ut-accordion-module-inner entry-content clearfix\"><p>\u017dinoma! \u017di\u016brovams gerai matoma yra starto\/fini\u0161o zona. Taip pat geras matomumas paskutini\u0173 10 kli\u016b\u010di\u0173 ruo\u017eas, tad galima visk\u0105 puikiai steb\u0117ti, filmuoti bei palaikyti. Sve\u010dio apsilankymas renginyje n\u0117ra apmokestinamas.<\/p>\n<\/div><\/div><\/div><div data-accordion data-accordion data-single data-transition=\"400\" data-easing=\"ease\" class=\"ut-accordion-module-item \"><h3 data-control class=\"ut-accordion-module-heading\" data-counter=\"23\">Kaip tur\u0117\u010diau apsirengti?<\/h3><div data-content class=\"ut-accordion-module-content\"><div class=\"ut-accordion-module-inner entry-content clearfix\"><p>Apranga tur\u0117t\u0173 b\u016bti patogi, nevar\u017eanti tav\u0119s ir tavo viduje t\u016bnan\u010dio herojaus. Rekomenduojame tur\u0117ti pir\u0161tines, vilk\u0117ti kelnes, o batus apsukti izoliacija.<\/p>\n<\/div><\/div><\/div><div data-accordion data-accordion data-single data-transition=\"400\" data-easing=\"ease\" class=\"ut-accordion-module-item \"><h3 data-control class=\"ut-accordion-module-heading\" data-counter=\"24\">Ar gali dalyvauti Rusijos ir Baltarusijos sportininkai?<\/h3><div data-content class=\"ut-accordion-module-content\"><div class=\"ut-accordion-module-inner entry-content clearfix\"><p>Palaikome viening\u0105 Lietuvos sporto bendruomen\u0117s pozicij\u0105 valstybi\u0173 agresori\u0173 at\u017evilgiu, tod\u0117l \u201eAlfa Run\u201c ekstremaliame b\u0117gime su kli\u016btimis negali dalyvauti sportininkai, gyvenantys Rusijoje ir Baltarusijoje.<\/p>\n<\/div><\/div><\/div><\/div><\/div>[\/vc_column][\/vc_row][\/vc_section]<\/p>\n<\/div>","protected":false},"excerpt":{"rendered":"<p>[vc_section css=&#8221;.vc_custom_1600958369656{padding-top: 60px !important;background-image: url(https:\/\/www.alfarun.lt\/wp-content\/uploads\/2018\/11\/bg5.jpg?id=1150) !important;background-position: center !important;background-repeat: no-repeat !important;background-size: cover !important;}&#8221;][vc_row][vc_column][\/vc_column][\/vc_row][vc_row][vc_column][\/vc_column][\/vc_row][\/vc_section]<\/p>\n","protected":false},"author":2,"featured_media":0,"parent":0,"menu_order":0,"comment_status":"closed","ping_status":"closed","template":"","meta":[],"_links":{"self":[{"href":"https:\/\/www.alfarun.lt\/en\/wp-json\/wp\/v2\/pages\/2459"}],"collection":[{"href":"https:\/\/www.alfarun.lt\/en\/wp-json\/wp\/v2\/pages"}],"about":[{"href":"https:\/\/www.alfarun.lt\/en\/wp-json\/wp\/v2\/types\/page"}],"author":[{"embeddable":true,"href":"https:\/\/www.alfarun.lt\/en\/wp-json\/wp\/v2\/users\/2"}],"replies":[{"embeddable":true,"href":"https:\/\/www.alfarun.lt\/en\/wp-json\/wp\/v2\/comments?post=2459"}],"version-history":[{"count":12,"href":"https:\/\/www.alfarun.lt\/en\/wp-json\/wp\/v2\/pages\/2459\/revisions"}],"predecessor-version":[{"id":4664,"href":"https:\/\/www.alfarun.lt\/en\/wp-json\/wp\/v2\/pages\/2459\/revisions\/4664"}],"wp:attachment":[{"href":"https:\/\/www.alfarun.lt\/en\/wp-json\/wp\/v2\/media?parent=2459"}],"curies":[{"name":"wp","href":"https:\/\/api.w.org\/{rel}","templated":true}]}}