{"id":2416,"date":"2021-11-24T05:13:12","date_gmt":"2021-11-24T07:13:12","guid":{"rendered":"https:\/\/www.alfarun.lt\/tra\/contacts\/"},"modified":"2022-01-26T06:33:13","modified_gmt":"2022-01-26T08:33:13","slug":"contacts","status":"publish","type":"page","link":"https:\/\/www.alfarun.lt\/en\/contacts\/","title":{"rendered":"CONTACTS"},"content":{"rendered":"<div class=\"wpb-content-wrapper\"><p>[vc_section css=&#8221;.vc_custom_1600958211175{padding-top: 60px !important;background-image: url(https:\/\/www.alfarun.lt\/wp-content\/uploads\/2018\/11\/bg5.jpg?id=1150) !important;background-position: center !important;background-repeat: no-repeat !important;background-size: cover !important;}&#8221;][vc_row][vc_column]<div class=\"wpb_content_element \"><style type=\"text\/css\"><\/style><header id=\"ut_header_69f978f65fb2b\" class=\"section-header  ut-no-title-linebreak-mobile ut-no-lead-linebreak-mobile pt-style-2 header-center header-tablet-center header-mobile-center element-with-custom-line-height\"><div class=\"element-with-custom-line-height\" ><h2 data-title=\"Contact us\"  data-responsive-font=\"section_title\" class=\"section-title  \"><span>Contact us<\/span><\/h2><\/div><\/header><\/div>[\/vc_column][\/vc_row][vc_row][vc_column width=&#8221;1\/2&#8243;][vc_column_text]LOCATION OF THE EVENT:<br \/>\nPAMARAZIAI, MARIJAMPOLIO SEN., VILNIAUS RAJ. LT-13244<\/p>\n<p>&nbsp;<\/p>\n<p>COMPANY DETAILS:<br \/>\nV\u0161\u012e \u201eALFA CENTRAS\u201c\u200b<br \/>\nCOMPANY CODE: 303108589<br \/>\nSOD\u017dIAUS G. 22, GELE\u017dINIAI, MARIJAMPOL\u0116 LT-69152<br \/>\nBank account: LT933500010002504354<\/p>\n<p>PHONE: + 370 658 53003<br \/>\nEMAIL: <a href=\"mailto:INFO@ALFARUN.LT\" target=\"_blank\" rel=\"noopener noreferrer\">INFO@ALFARUN.LT<\/a><\/p>\n<p>&nbsp;[\/vc_column_text][\/vc_column][vc_column width=&#8221;1\/2&#8243;]<div id=\"ut_cf7_colors_69f978f6626a6\" class=\"wpb_content_element  \"><div class=\"wpcf7 no-js\" id=\"wpcf7-f2802-o1\" lang=\"en-US\" dir=\"ltr\">\n<div class=\"screen-reader-response\"><p role=\"status\" aria-live=\"polite\" aria-atomic=\"true\"><\/p> <ul><\/ul><\/div>\n<form action=\"\/en\/wp-json\/wp\/v2\/pages\/2416#wpcf7-f2802-o1\" method=\"post\" class=\"wpcf7-form init\" aria-label=\"Contact form\" novalidate=\"novalidate\" data-status=\"init\">\n<div style=\"display: none;\">\n<input type=\"hidden\" name=\"_wpcf7\" value=\"2802\" \/>\n<input type=\"hidden\" name=\"_wpcf7_version\" value=\"5.7.2\" \/>\n<input type=\"hidden\" name=\"_wpcf7_locale\" value=\"en_US\" \/>\n<input type=\"hidden\" name=\"_wpcf7_unit_tag\" value=\"wpcf7-f2802-o1\" \/>\n<input type=\"hidden\" name=\"_wpcf7_container_post\" value=\"0\" \/>\n<input type=\"hidden\" name=\"_wpcf7_posted_data_hash\" value=\"\" \/>\n<input type=\"hidden\" name=\"_wpcf7_recaptcha_response\" value=\"\" \/>\n<\/div>\n<p><label> Name<br \/>\n<span class=\"wpcf7-form-control-wrap\" data-name=\"your-name\"><input size=\"40\" class=\"wpcf7-form-control wpcf7-text wpcf7-validates-as-required\" aria-required=\"true\" aria-invalid=\"false\" value=\"\" type=\"text\" name=\"your-name\" \/><\/span> <\/label>\n<\/p>\n<p><label> Email<br \/>\n<span class=\"wpcf7-form-control-wrap\" data-name=\"your-email\"><input size=\"40\" class=\"wpcf7-form-control wpcf7-text wpcf7-email wpcf7-validates-as-required wpcf7-validates-as-email\" aria-required=\"true\" aria-invalid=\"false\" value=\"\" type=\"email\" name=\"your-email\" \/><\/span> <\/label>\n<\/p>\n<p><label> Subject<br \/>\n<span class=\"wpcf7-form-control-wrap\" data-name=\"your-subject\"><input size=\"40\" class=\"wpcf7-form-control wpcf7-text\" aria-invalid=\"false\" value=\"\" type=\"text\" name=\"your-subject\" \/><\/span> <\/label>\n<\/p>\n<p><label> Message<br \/>\n<span class=\"wpcf7-form-control-wrap\" data-name=\"your-message\"><textarea cols=\"40\" rows=\"10\" class=\"wpcf7-form-control wpcf7-textarea\" aria-invalid=\"false\" name=\"your-message\"><\/textarea><\/span> <\/label>\n<\/p>\n<p><label> I'm not a robot.<br \/>\n<span class=\"wpcf7-form-control-wrap\" data-name=\"quiz-442\"><label><span class=\"wpcf7-quiz-label\">1+1=?<\/span> <input size=\"40\" class=\"wpcf7-form-control wpcf7-quiz\" autocomplete=\"off\" aria-required=\"true\" aria-invalid=\"false\" type=\"text\" name=\"quiz-442\" \/><\/label><input type=\"hidden\" name=\"_wpcf7_quiz_answer_quiz-442\" value=\"125143a1af11626a76144eb5efc8b9a9\" \/><\/span> <\/label>\n<\/p>\n<p><input class=\"wpcf7-form-control has-spinner wpcf7-submit\" type=\"submit\" value=\"Send\" \/>\n<\/p><div class=\"wpcf7-response-output\" aria-hidden=\"true\"><\/div><\/form><\/div><\/div>[\/vc_column][\/vc_row][\/vc_section]<\/p>\n<\/div>","protected":false},"excerpt":{"rendered":"<p>[vc_section css=&#8221;.vc_custom_1600958211175{padding-top: 60px !important;background-image: url(https:\/\/www.alfarun.lt\/wp-content\/uploads\/2018\/11\/bg5.jpg?id=1150) !important;background-position: center !important;background-repeat: no-repeat !important;background-size: cover !important;}&#8221;][vc_row][vc_column][\/vc_column][\/vc_row][vc_row][vc_column width=&#8221;1\/2&#8243;][vc_column_text]LOCATION OF THE EVENT: PAMARAZIAI, MARIJAMPOLIO SEN., VILNIAUS RAJ. LT-13244 &nbsp; COMPANY DETAILS: V\u0161\u012e \u201eALFA CENTRAS\u201c\u200b COMPANY CODE: 303108589 SOD\u017dIAUS G. 22, GELE\u017dINIAI, MARIJAMPOL\u0116 LT-69152 Bank account: LT933500010002504354 PHONE: + 370 658 53003 EMAIL: INFO@ALFARUN.LT &nbsp;[\/vc_column_text][\/vc_column][vc_column width=&#8221;1\/2&#8243;][\/vc_column][\/vc_row][\/vc_section]<\/p>\n","protected":false},"author":1,"featured_media":0,"parent":0,"menu_order":0,"comment_status":"closed","ping_status":"closed","template":"","meta":[],"_links":{"self":[{"href":"https:\/\/www.alfarun.lt\/en\/wp-json\/wp\/v2\/pages\/2416"}],"collection":[{"href":"https:\/\/www.alfarun.lt\/en\/wp-json\/wp\/v2\/pages"}],"about":[{"href":"https:\/\/www.alfarun.lt\/en\/wp-json\/wp\/v2\/types\/page"}],"author":[{"embeddable":true,"href":"https:\/\/www.alfarun.lt\/en\/wp-json\/wp\/v2\/users\/1"}],"replies":[{"embeddable":true,"href":"https:\/\/www.alfarun.lt\/en\/wp-json\/wp\/v2\/comments?post=2416"}],"version-history":[{"count":7,"href":"https:\/\/www.alfarun.lt\/en\/wp-json\/wp\/v2\/pages\/2416\/revisions"}],"predecessor-version":[{"id":2900,"href":"https:\/\/www.alfarun.lt\/en\/wp-json\/wp\/v2\/pages\/2416\/revisions\/2900"}],"wp:attachment":[{"href":"https:\/\/www.alfarun.lt\/en\/wp-json\/wp\/v2\/media?parent=2416"}],"curies":[{"name":"wp","href":"https:\/\/api.w.org\/{rel}","templated":true}]}}